{"id":82,"date":"2016-11-21T20:15:31","date_gmt":"2016-11-21T20:15:31","guid":{"rendered":"http:\/\/jacoboasociados.com.sv\/2016\/servicios\/servicios-de-contabilidad\/"},"modified":"2016-12-21T11:00:55","modified_gmt":"2016-12-21T17:00:55","slug":"servicios-de-contabilidad","status":"publish","type":"page","link":"https:\/\/jacoboasociados.com.sv\/2016\/servicios\/servicios-de-contabilidad\/","title":{"rendered":"Servicios de Contabilidad"},"content":{"rendered":"<p>[et_pb_section admin_label=&#8221;Secci\u00f3n&#8221; transparent_background=&#8221;off&#8221; allow_player_pause=&#8221;off&#8221; inner_shadow=&#8221;off&#8221; parallax=&#8221;off&#8221; parallax_method=&#8221;on&#8221; padding_mobile=&#8221;off&#8221; make_fullwidth=&#8221;off&#8221; use_custom_width=&#8221;off&#8221; width_unit=&#8221;off&#8221; custom_width_px=&#8221;1080px&#8221; custom_width_percent=&#8221;80%&#8221; make_equal=&#8221;off&#8221; use_custom_gutter=&#8221;off&#8221; fullwidth=&#8221;on&#8221; specialty=&#8221;off&#8221; disabled=&#8221;off&#8221;][et_pb_fullwidth_header admin_label=&#8221;T\u00edtulo de anchura completa&#8221; title=&#8221;Servicios de Contabilidad en El Salvador&#8221; background_layout=&#8221;dark&#8221; text_orientation=&#8221;center&#8221; header_fullscreen=&#8221;off&#8221; header_scroll_down=&#8221;off&#8221; scroll_down_icon=&#8221;%%3%%&#8221; background_url=&#8221;http:\/\/jacoboasociados.com.sv\/2016\/wp-content\/uploads\/2016\/11\/home-slider-contabilidad.jpg&#8221; parallax=&#8221;off&#8221; parallax_method=&#8221;off&#8221; content_orientation=&#8221;center&#8221; image_orientation=&#8221;center&#8221; title_font_size=&#8221;30px&#8221; content_font_size=&#8221;14px&#8221; custom_button_one=&#8221;off&#8221; button_one_text_size=&#8221;20&#8243; button_one_letter_spacing=&#8221;0&#8243; button_one_use_icon=&#8221;default&#8221; button_one_icon_placement=&#8221;right&#8221; button_one_on_hover=&#8221;on&#8221; button_one_letter_spacing_hover=&#8221;0&#8243; custom_button_two=&#8221;off&#8221; button_two_text_size=&#8221;20&#8243; button_two_letter_spacing=&#8221;0&#8243; button_two_use_icon=&#8221;default&#8221; button_two_icon_placement=&#8221;right&#8221; button_two_on_hover=&#8221;on&#8221; button_two_letter_spacing_hover=&#8221;0&#8243; disabled=&#8221;off&#8221;] [\/et_pb_fullwidth_header][\/et_pb_section][et_pb_section admin_label=&#8221;section&#8221; transparent_background=&#8221;off&#8221; allow_player_pause=&#8221;off&#8221; inner_shadow=&#8221;off&#8221; parallax=&#8221;off&#8221; parallax_method=&#8221;on&#8221; padding_mobile=&#8221;off&#8221; make_fullwidth=&#8221;off&#8221; use_custom_width=&#8221;off&#8221; width_unit=&#8221;off&#8221; custom_width_px=&#8221;1080px&#8221; custom_width_percent=&#8221;80%&#8221; make_equal=&#8221;off&#8221; use_custom_gutter=&#8221;off&#8221; fullwidth=&#8221;off&#8221; specialty=&#8221;off&#8221; disabled=&#8221;off&#8221;][et_pb_row admin_label=&#8221;row&#8221; make_fullwidth=&#8221;off&#8221; use_custom_width=&#8221;off&#8221; width_unit=&#8221;off&#8221; custom_width_px=&#8221;1080px&#8221; custom_width_percent=&#8221;80%&#8221; use_custom_gutter=&#8221;off&#8221; gutter_width=&#8221;3&#8243; padding_mobile=&#8221;off&#8221; allow_player_pause=&#8221;off&#8221; parallax=&#8221;off&#8221; parallax_method=&#8221;on&#8221; make_equal=&#8221;off&#8221; column_padding_mobile=&#8221;on&#8221; parallax_1=&#8221;off&#8221; parallax_method_1=&#8221;on&#8221; parallax_2=&#8221;off&#8221; parallax_method_2=&#8221;on&#8221; parallax_3=&#8221;off&#8221; parallax_method_3=&#8221;on&#8221; parallax_4=&#8221;off&#8221; parallax_method_4=&#8221;on&#8221; disabled=&#8221;off&#8221;][et_pb_column type=&#8221;1_4&#8243;][\/et_pb_column][et_pb_column type=&#8221;1_2&#8243;][et_pb_text admin_label=&#8221;Texto&#8221; background_layout=&#8221;light&#8221; text_orientation=&#8221;left&#8221; use_border_color=&#8221;off&#8221; border_style=&#8221;solid&#8221; disabled=&#8221;off&#8221; border_color=&#8221;#ffffff&#8221;]<\/p>\n<h2>Servicios de Contabilidad<\/h2>\n<ul>\n<li>Asesoramiento en Adopci\u00f3n de Sistemas Basados en Normas Internacionales de Informaci\u00f3n Financiera. (NIC-NIIF y NIIF-PYME)<\/li>\n<li>Servicios de Outsorcing de Actualizaci\u00f3n de Cuentas Contables Espec\u00edficas.<\/li>\n<li>Dise\u00f1o y Redise\u00f1o de Pol\u00edticas Contables.<\/li>\n<li>Dise\u00f1o y Legalizaci\u00f3n de Sistemas Contables.<\/li>\n<li>Legalizaci\u00f3n de Libros Especiales (IVA).<\/li>\n<li>Elaboraci\u00f3n de Declaraciones Tributarias.<\/li>\n<li>Asesoramiento en el Dise\u00f1o y Redise\u00f1o de Pol\u00edticas Contables Administrativas.<\/li>\n<\/ul>\n<p>[\/et_pb_text][\/et_pb_column][et_pb_column type=&#8221;1_4&#8243;][\/et_pb_column][\/et_pb_row][\/et_pb_section]<\/p>\n","protected":false},"excerpt":{"rendered":"<p>Servicios de Contabilidad Asesoramiento en Adopci\u00f3n de Sistemas Basados en Normas Internacionales de Informaci\u00f3n Financiera. (NIC-NIIF y NIIF-PYME) Servicios de Outsorcing de Actualizaci\u00f3n de Cuentas Contables Espec\u00edficas. Dise\u00f1o y Redise\u00f1o de Pol\u00edticas Contables. Dise\u00f1o y Legalizaci\u00f3n de Sistemas Contables. Legalizaci\u00f3n de Libros Especiales (IVA). Elaboraci\u00f3n de Declaraciones Tributarias. Asesoramiento en el Dise\u00f1o y Redise\u00f1o de [&hellip;]<\/p>\n","protected":false},"author":1,"featured_media":0,"parent":77,"menu_order":7,"comment_status":"closed","ping_status":"closed","template":"","meta":{"_et_pb_use_builder":"on","_et_pb_old_content":"","_et_gb_content_width":"","footnotes":""},"yoast_head":"<!-- This site is optimized with the Yoast SEO plugin v22.0 - https:\/\/yoast.com\/wordpress\/plugins\/seo\/ -->\n<title>Servicios de Contabilidad - Jacobo y Asociados<\/title>\n<meta name=\"robots\" content=\"index, follow, max-snippet:-1, max-image-preview:large, max-video-preview:-1\" \/>\n<link rel=\"canonical\" href=\"https:\/\/jacoboasociados.com.sv\/2016\/servicios\/servicios-de-contabilidad\/\" \/>\n<meta property=\"og:locale\" content=\"es_ES\" \/>\n<meta property=\"og:type\" content=\"article\" \/>\n<meta property=\"og:title\" content=\"Servicios de Contabilidad - Jacobo y Asociados\" \/>\n<meta property=\"og:description\" content=\"Servicios de Contabilidad Asesoramiento en Adopci\u00f3n de Sistemas Basados en Normas Internacionales de Informaci\u00f3n Financiera. (NIC-NIIF y NIIF-PYME) Servicios de Outsorcing de Actualizaci\u00f3n de Cuentas Contables Espec\u00edficas. Dise\u00f1o y Redise\u00f1o de Pol\u00edticas Contables. Dise\u00f1o y Legalizaci\u00f3n de Sistemas Contables. Legalizaci\u00f3n de Libros Especiales (IVA). Elaboraci\u00f3n de Declaraciones Tributarias. Asesoramiento en el Dise\u00f1o y Redise\u00f1o de [&hellip;]\" \/>\n<meta property=\"og:url\" content=\"https:\/\/jacoboasociados.com.sv\/2016\/servicios\/servicios-de-contabilidad\/\" \/>\n<meta property=\"og:site_name\" content=\"Jacobo y Asociados\" \/>\n<meta property=\"article:modified_time\" content=\"2016-12-21T17:00:55+00:00\" \/>\n<meta name=\"twitter:card\" content=\"summary_large_image\" \/>\n<meta name=\"twitter:label1\" content=\"Tiempo de lectura\" \/>\n\t<meta name=\"twitter:data1\" content=\"2 minutos\" \/>\n<script type=\"application\/ld+json\" class=\"yoast-schema-graph\">{\"@context\":\"https:\/\/schema.org\",\"@graph\":[{\"@type\":\"WebPage\",\"@id\":\"https:\/\/jacoboasociados.com.sv\/2016\/servicios\/servicios-de-contabilidad\/\",\"url\":\"https:\/\/jacoboasociados.com.sv\/2016\/servicios\/servicios-de-contabilidad\/\",\"name\":\"Servicios de Contabilidad - Jacobo y Asociados\",\"isPartOf\":{\"@id\":\"https:\/\/jacoboasociados.com.sv\/2016\/#website\"},\"datePublished\":\"2016-11-21T20:15:31+00:00\",\"dateModified\":\"2016-12-21T17:00:55+00:00\",\"breadcrumb\":{\"@id\":\"https:\/\/jacoboasociados.com.sv\/2016\/servicios\/servicios-de-contabilidad\/#breadcrumb\"},\"inLanguage\":\"es\",\"potentialAction\":[{\"@type\":\"ReadAction\",\"target\":[\"https:\/\/jacoboasociados.com.sv\/2016\/servicios\/servicios-de-contabilidad\/\"]}]},{\"@type\":\"BreadcrumbList\",\"@id\":\"https:\/\/jacoboasociados.com.sv\/2016\/servicios\/servicios-de-contabilidad\/#breadcrumb\",\"itemListElement\":[{\"@type\":\"ListItem\",\"position\":1,\"name\":\"Portada\",\"item\":\"https:\/\/jacoboasociados.com.sv\/2016\/\"},{\"@type\":\"ListItem\",\"position\":2,\"name\":\"Servicios\",\"item\":\"https:\/\/jacoboasociados.com.sv\/2016\/servicios\/\"},{\"@type\":\"ListItem\",\"position\":3,\"name\":\"Servicios de Contabilidad\"}]},{\"@type\":\"WebSite\",\"@id\":\"https:\/\/jacoboasociados.com.sv\/2016\/#website\",\"url\":\"https:\/\/jacoboasociados.com.sv\/2016\/\",\"name\":\"Jacobo y Asociados\",\"description\":\"Auditor\u00eda y Contabilidad en El Salvador\",\"potentialAction\":[{\"@type\":\"SearchAction\",\"target\":{\"@type\":\"EntryPoint\",\"urlTemplate\":\"https:\/\/jacoboasociados.com.sv\/2016\/?s={search_term_string}\"},\"query-input\":\"required name=search_term_string\"}],\"inLanguage\":\"es\"}]}<\/script>\n<!-- \/ Yoast SEO plugin. -->","yoast_head_json":{"title":"Servicios de Contabilidad - Jacobo y Asociados","robots":{"index":"index","follow":"follow","max-snippet":"max-snippet:-1","max-image-preview":"max-image-preview:large","max-video-preview":"max-video-preview:-1"},"canonical":"https:\/\/jacoboasociados.com.sv\/2016\/servicios\/servicios-de-contabilidad\/","og_locale":"es_ES","og_type":"article","og_title":"Servicios de Contabilidad - Jacobo y Asociados","og_description":"Servicios de Contabilidad Asesoramiento en Adopci\u00f3n de Sistemas Basados en Normas Internacionales de Informaci\u00f3n Financiera. (NIC-NIIF y NIIF-PYME) Servicios de Outsorcing de Actualizaci\u00f3n de Cuentas Contables Espec\u00edficas. Dise\u00f1o y Redise\u00f1o de Pol\u00edticas Contables. Dise\u00f1o y Legalizaci\u00f3n de Sistemas Contables. Legalizaci\u00f3n de Libros Especiales (IVA). Elaboraci\u00f3n de Declaraciones Tributarias. Asesoramiento en el Dise\u00f1o y Redise\u00f1o de [&hellip;]","og_url":"https:\/\/jacoboasociados.com.sv\/2016\/servicios\/servicios-de-contabilidad\/","og_site_name":"Jacobo y Asociados","article_modified_time":"2016-12-21T17:00:55+00:00","twitter_card":"summary_large_image","twitter_misc":{"Tiempo de lectura":"2 minutos"},"schema":{"@context":"https:\/\/schema.org","@graph":[{"@type":"WebPage","@id":"https:\/\/jacoboasociados.com.sv\/2016\/servicios\/servicios-de-contabilidad\/","url":"https:\/\/jacoboasociados.com.sv\/2016\/servicios\/servicios-de-contabilidad\/","name":"Servicios de Contabilidad - Jacobo y Asociados","isPartOf":{"@id":"https:\/\/jacoboasociados.com.sv\/2016\/#website"},"datePublished":"2016-11-21T20:15:31+00:00","dateModified":"2016-12-21T17:00:55+00:00","breadcrumb":{"@id":"https:\/\/jacoboasociados.com.sv\/2016\/servicios\/servicios-de-contabilidad\/#breadcrumb"},"inLanguage":"es","potentialAction":[{"@type":"ReadAction","target":["https:\/\/jacoboasociados.com.sv\/2016\/servicios\/servicios-de-contabilidad\/"]}]},{"@type":"BreadcrumbList","@id":"https:\/\/jacoboasociados.com.sv\/2016\/servicios\/servicios-de-contabilidad\/#breadcrumb","itemListElement":[{"@type":"ListItem","position":1,"name":"Portada","item":"https:\/\/jacoboasociados.com.sv\/2016\/"},{"@type":"ListItem","position":2,"name":"Servicios","item":"https:\/\/jacoboasociados.com.sv\/2016\/servicios\/"},{"@type":"ListItem","position":3,"name":"Servicios de Contabilidad"}]},{"@type":"WebSite","@id":"https:\/\/jacoboasociados.com.sv\/2016\/#website","url":"https:\/\/jacoboasociados.com.sv\/2016\/","name":"Jacobo y Asociados","description":"Auditor\u00eda y Contabilidad en El Salvador","potentialAction":[{"@type":"SearchAction","target":{"@type":"EntryPoint","urlTemplate":"https:\/\/jacoboasociados.com.sv\/2016\/?s={search_term_string}"},"query-input":"required name=search_term_string"}],"inLanguage":"es"}]}},"_links":{"self":[{"href":"https:\/\/jacoboasociados.com.sv\/2016\/wp-json\/wp\/v2\/pages\/82"}],"collection":[{"href":"https:\/\/jacoboasociados.com.sv\/2016\/wp-json\/wp\/v2\/pages"}],"about":[{"href":"https:\/\/jacoboasociados.com.sv\/2016\/wp-json\/wp\/v2\/types\/page"}],"author":[{"embeddable":true,"href":"https:\/\/jacoboasociados.com.sv\/2016\/wp-json\/wp\/v2\/users\/1"}],"replies":[{"embeddable":true,"href":"https:\/\/jacoboasociados.com.sv\/2016\/wp-json\/wp\/v2\/comments?post=82"}],"version-history":[{"count":4,"href":"https:\/\/jacoboasociados.com.sv\/2016\/wp-json\/wp\/v2\/pages\/82\/revisions"}],"predecessor-version":[{"id":188,"href":"https:\/\/jacoboasociados.com.sv\/2016\/wp-json\/wp\/v2\/pages\/82\/revisions\/188"}],"up":[{"embeddable":true,"href":"https:\/\/jacoboasociados.com.sv\/2016\/wp-json\/wp\/v2\/pages\/77"}],"wp:attachment":[{"href":"https:\/\/jacoboasociados.com.sv\/2016\/wp-json\/wp\/v2\/media?parent=82"}],"curies":[{"name":"wp","href":"https:\/\/api.w.org\/{rel}","templated":true}]}}