{"id":81,"date":"2016-11-21T20:15:31","date_gmt":"2016-11-21T20:15:31","guid":{"rendered":"http:\/\/jacoboasociados.com.sv\/2016\/servicios\/servicios-de-auditoria\/"},"modified":"2016-12-15T10:43:00","modified_gmt":"2016-12-15T16:43:00","slug":"servicios-de-auditoria","status":"publish","type":"page","link":"https:\/\/jacoboasociados.com.sv\/2016\/servicios\/servicios-de-auditoria\/","title":{"rendered":"Servicios de Auditoria"},"content":{"rendered":"<p>[et_pb_section admin_label=&#8221;section&#8221; transparent_background=&#8221;off&#8221; allow_player_pause=&#8221;off&#8221; inner_shadow=&#8221;off&#8221; parallax=&#8221;off&#8221; parallax_method=&#8221;on&#8221; custom_padding=&#8221;0px|0px|0px|0px&#8221; padding_mobile=&#8221;off&#8221; make_fullwidth=&#8221;off&#8221; use_custom_width=&#8221;off&#8221; width_unit=&#8221;off&#8221; custom_width_px=&#8221;1080px&#8221; custom_width_percent=&#8221;80%&#8221; make_equal=&#8221;off&#8221; use_custom_gutter=&#8221;off&#8221; fullwidth=&#8221;off&#8221; specialty=&#8221;off&#8221;][et_pb_row admin_label=&#8221;row&#8221; make_fullwidth=&#8221;on&#8221; use_custom_width=&#8221;off&#8221; width_unit=&#8221;off&#8221; use_custom_gutter=&#8221;on&#8221; gutter_width=&#8221;1&#8243; custom_padding=&#8221;0px|0px|0px|0px&#8221; padding_mobile=&#8221;off&#8221; allow_player_pause=&#8221;off&#8221; parallax=&#8221;off&#8221; parallax_method=&#8221;on&#8221; make_equal=&#8221;on&#8221; column_padding_mobile=&#8221;on&#8221; bg_img_1=&#8221;http:\/\/jacoboasociados.com.sv\/2016\/wp-content\/uploads\/2016\/11\/bg04.jpg&#8221; padding_top_1=&#8221;100px&#8221; padding_right_1=&#8221;50px&#8221; padding_bottom_1=&#8221;100px&#8221; padding_left_1=&#8221;50px&#8221; padding_top_2=&#8221;100px&#8221; padding_right_2=&#8221;50px&#8221; padding_bottom_2=&#8221;100px&#8221; padding_left_2=&#8221;50px&#8221; parallax_1=&#8221;off&#8221; parallax_method_1=&#8221;on&#8221; parallax_2=&#8221;off&#8221; parallax_method_2=&#8221;on&#8221; parallax_3=&#8221;off&#8221; parallax_method_3=&#8221;on&#8221; parallax_4=&#8221;off&#8221; parallax_method_4=&#8221;on&#8221;][et_pb_column type=&#8221;1_3&#8243;][et_pb_text admin_label=&#8221;Texto&#8221; background_layout=&#8221;dark&#8221; text_orientation=&#8221;left&#8221; header_font=&#8221;Open Sans Light||||&#8221; header_font_size=&#8221;72px&#8221; custom_css_main_element=&#8221;text-shadow: 2px 2px 6px rgba(0,0,0,0.6);&#8221; use_border_color=&#8221;off&#8221; border_color=&#8221;#ffffff&#8221; border_style=&#8221;solid&#8221;]<\/p>\n<h1>Servicios de Auditor\u00eda en El Salvador<\/h1>\n<p>[\/et_pb_text][\/et_pb_column][et_pb_column type=&#8221;2_3&#8243;][et_pb_text admin_label=&#8221;Texto&#8221; background_layout=&#8221;light&#8221; text_orientation=&#8221;left&#8221; use_border_color=&#8221;off&#8221; border_style=&#8221;solid&#8221; disabled=&#8221;off&#8221; border_color=&#8221;#ffffff&#8221; custom_margin=&#8221;||50px|&#8221;]<\/p>\n<h3>Auditor\u00eda Externa.<\/h3>\n<ul>\n<li>Auditoria de Estados Financieros.<\/li>\n<li>Auditoria de Proyectos.<\/li>\n<li>Auditoria Administrativa.<\/li>\n<li>Revisi\u00f3n de Cuentas Espec\u00edficas.<\/li>\n<li>Auditoria de Cumplimiento<\/li>\n<\/ul>\n<p>&nbsp;<\/p>\n<h3>Auditor\u00eda Fiscal<\/h3>\n<ul>\n<li>Auditoria de cumplimiento de obligaciones.<\/li>\n<li>Diagn\u00f3sticos fiscales.<\/li>\n<li>Planificaci\u00f3n fiscal.<\/li>\n<li>Revisor\u00eda de cuentas espec\u00edficas y diagn\u00f3stico de fraude.<\/li>\n<\/ul>\n<p>&nbsp;<\/p>\n<h3>Auditor\u00eda Interna.<\/h3>\n<ul>\n<li>Evaluaci\u00f3n del Sistema de Control Interno de la Sociedad.<\/li>\n<li>Valoraci\u00f3n del Cumplimiento de las Pol\u00edticas Adoptadas por la Administraci\u00f3n de nuestros clientes.<\/li>\n<li>Verificaci\u00f3n de procesos y procedimientos para el resguardo de los activos institucionales.<\/li>\n<li>Preparaci\u00f3n de Sistemas de Control\u00a0 y de Pol\u00edticas Contables.<\/li>\n<li>Diagn\u00f3sticos de Riesgos de Control y Procesos Cr\u00edticos.<\/li>\n<li>Levantamiento de Pruebas de Control en las Diversas \u00c1reas de la entidad.<\/li>\n<\/ul>\n<p>&nbsp;<\/p>\n<h3>Auditoria Forense<\/h3>\n<ul>\n<li>Peritaje Contable.<\/li>\n<li>Peritaje Fiscal.<\/li>\n<li>Peritaje Financiero.<\/li>\n<\/ul>\n<p>[\/et_pb_text][\/et_pb_column][\/et_pb_row][\/et_pb_section]<\/p>\n","protected":false},"excerpt":{"rendered":"<p>Servicios de Auditor\u00eda en El Salvador Auditor\u00eda Externa. Auditoria de Estados Financieros. Auditoria de Proyectos. Auditoria Administrativa. Revisi\u00f3n de Cuentas Espec\u00edficas. Auditoria de Cumplimiento &nbsp; Auditor\u00eda Fiscal Auditoria de cumplimiento de obligaciones. Diagn\u00f3sticos fiscales. Planificaci\u00f3n fiscal. Revisor\u00eda de cuentas espec\u00edficas y diagn\u00f3stico de fraude. &nbsp; Auditor\u00eda Interna. Evaluaci\u00f3n del Sistema de Control Interno de la [&hellip;]<\/p>\n","protected":false},"author":1,"featured_media":0,"parent":77,"menu_order":1,"comment_status":"closed","ping_status":"closed","template":"","meta":{"_et_pb_use_builder":"on","_et_pb_old_content":"","_et_gb_content_width":"","footnotes":""},"yoast_head":"<!-- This site is optimized with the Yoast SEO plugin v22.0 - https:\/\/yoast.com\/wordpress\/plugins\/seo\/ -->\n<title>Servicios de Auditoria - Jacobo y Asociados<\/title>\n<meta name=\"robots\" content=\"index, follow, max-snippet:-1, max-image-preview:large, max-video-preview:-1\" \/>\n<link rel=\"canonical\" href=\"https:\/\/jacoboasociados.com.sv\/2016\/servicios\/servicios-de-auditoria\/\" \/>\n<meta property=\"og:locale\" content=\"es_ES\" \/>\n<meta property=\"og:type\" content=\"article\" \/>\n<meta property=\"og:title\" content=\"Servicios de Auditoria - Jacobo y Asociados\" \/>\n<meta property=\"og:description\" content=\"Servicios de Auditor\u00eda en El Salvador Auditor\u00eda Externa. Auditoria de Estados Financieros. Auditoria de Proyectos. Auditoria Administrativa. Revisi\u00f3n de Cuentas Espec\u00edficas. Auditoria de Cumplimiento &nbsp; Auditor\u00eda Fiscal Auditoria de cumplimiento de obligaciones. Diagn\u00f3sticos fiscales. Planificaci\u00f3n fiscal. Revisor\u00eda de cuentas espec\u00edficas y diagn\u00f3stico de fraude. &nbsp; Auditor\u00eda Interna. Evaluaci\u00f3n del Sistema de Control Interno de la [&hellip;]\" \/>\n<meta property=\"og:url\" content=\"https:\/\/jacoboasociados.com.sv\/2016\/servicios\/servicios-de-auditoria\/\" \/>\n<meta property=\"og:site_name\" content=\"Jacobo y Asociados\" \/>\n<meta property=\"article:modified_time\" content=\"2016-12-15T16:43:00+00:00\" \/>\n<meta name=\"twitter:card\" content=\"summary_large_image\" \/>\n<meta name=\"twitter:label1\" content=\"Tiempo de lectura\" \/>\n\t<meta name=\"twitter:data1\" content=\"2 minutos\" \/>\n<script type=\"application\/ld+json\" class=\"yoast-schema-graph\">{\"@context\":\"https:\/\/schema.org\",\"@graph\":[{\"@type\":\"WebPage\",\"@id\":\"https:\/\/jacoboasociados.com.sv\/2016\/servicios\/servicios-de-auditoria\/\",\"url\":\"https:\/\/jacoboasociados.com.sv\/2016\/servicios\/servicios-de-auditoria\/\",\"name\":\"Servicios de Auditoria - Jacobo y Asociados\",\"isPartOf\":{\"@id\":\"https:\/\/jacoboasociados.com.sv\/2016\/#website\"},\"datePublished\":\"2016-11-21T20:15:31+00:00\",\"dateModified\":\"2016-12-15T16:43:00+00:00\",\"breadcrumb\":{\"@id\":\"https:\/\/jacoboasociados.com.sv\/2016\/servicios\/servicios-de-auditoria\/#breadcrumb\"},\"inLanguage\":\"es\",\"potentialAction\":[{\"@type\":\"ReadAction\",\"target\":[\"https:\/\/jacoboasociados.com.sv\/2016\/servicios\/servicios-de-auditoria\/\"]}]},{\"@type\":\"BreadcrumbList\",\"@id\":\"https:\/\/jacoboasociados.com.sv\/2016\/servicios\/servicios-de-auditoria\/#breadcrumb\",\"itemListElement\":[{\"@type\":\"ListItem\",\"position\":1,\"name\":\"Portada\",\"item\":\"https:\/\/jacoboasociados.com.sv\/2016\/\"},{\"@type\":\"ListItem\",\"position\":2,\"name\":\"Servicios\",\"item\":\"https:\/\/jacoboasociados.com.sv\/2016\/servicios\/\"},{\"@type\":\"ListItem\",\"position\":3,\"name\":\"Servicios de Auditoria\"}]},{\"@type\":\"WebSite\",\"@id\":\"https:\/\/jacoboasociados.com.sv\/2016\/#website\",\"url\":\"https:\/\/jacoboasociados.com.sv\/2016\/\",\"name\":\"Jacobo y Asociados\",\"description\":\"Auditor\u00eda y Contabilidad en El Salvador\",\"potentialAction\":[{\"@type\":\"SearchAction\",\"target\":{\"@type\":\"EntryPoint\",\"urlTemplate\":\"https:\/\/jacoboasociados.com.sv\/2016\/?s={search_term_string}\"},\"query-input\":\"required name=search_term_string\"}],\"inLanguage\":\"es\"}]}<\/script>\n<!-- \/ Yoast SEO plugin. -->","yoast_head_json":{"title":"Servicios de Auditoria - Jacobo y Asociados","robots":{"index":"index","follow":"follow","max-snippet":"max-snippet:-1","max-image-preview":"max-image-preview:large","max-video-preview":"max-video-preview:-1"},"canonical":"https:\/\/jacoboasociados.com.sv\/2016\/servicios\/servicios-de-auditoria\/","og_locale":"es_ES","og_type":"article","og_title":"Servicios de Auditoria - Jacobo y Asociados","og_description":"Servicios de Auditor\u00eda en El Salvador Auditor\u00eda Externa. Auditoria de Estados Financieros. Auditoria de Proyectos. Auditoria Administrativa. Revisi\u00f3n de Cuentas Espec\u00edficas. Auditoria de Cumplimiento &nbsp; Auditor\u00eda Fiscal Auditoria de cumplimiento de obligaciones. Diagn\u00f3sticos fiscales. Planificaci\u00f3n fiscal. Revisor\u00eda de cuentas espec\u00edficas y diagn\u00f3stico de fraude. &nbsp; Auditor\u00eda Interna. Evaluaci\u00f3n del Sistema de Control Interno de la [&hellip;]","og_url":"https:\/\/jacoboasociados.com.sv\/2016\/servicios\/servicios-de-auditoria\/","og_site_name":"Jacobo y Asociados","article_modified_time":"2016-12-15T16:43:00+00:00","twitter_card":"summary_large_image","twitter_misc":{"Tiempo de lectura":"2 minutos"},"schema":{"@context":"https:\/\/schema.org","@graph":[{"@type":"WebPage","@id":"https:\/\/jacoboasociados.com.sv\/2016\/servicios\/servicios-de-auditoria\/","url":"https:\/\/jacoboasociados.com.sv\/2016\/servicios\/servicios-de-auditoria\/","name":"Servicios de Auditoria - Jacobo y Asociados","isPartOf":{"@id":"https:\/\/jacoboasociados.com.sv\/2016\/#website"},"datePublished":"2016-11-21T20:15:31+00:00","dateModified":"2016-12-15T16:43:00+00:00","breadcrumb":{"@id":"https:\/\/jacoboasociados.com.sv\/2016\/servicios\/servicios-de-auditoria\/#breadcrumb"},"inLanguage":"es","potentialAction":[{"@type":"ReadAction","target":["https:\/\/jacoboasociados.com.sv\/2016\/servicios\/servicios-de-auditoria\/"]}]},{"@type":"BreadcrumbList","@id":"https:\/\/jacoboasociados.com.sv\/2016\/servicios\/servicios-de-auditoria\/#breadcrumb","itemListElement":[{"@type":"ListItem","position":1,"name":"Portada","item":"https:\/\/jacoboasociados.com.sv\/2016\/"},{"@type":"ListItem","position":2,"name":"Servicios","item":"https:\/\/jacoboasociados.com.sv\/2016\/servicios\/"},{"@type":"ListItem","position":3,"name":"Servicios de Auditoria"}]},{"@type":"WebSite","@id":"https:\/\/jacoboasociados.com.sv\/2016\/#website","url":"https:\/\/jacoboasociados.com.sv\/2016\/","name":"Jacobo y Asociados","description":"Auditor\u00eda y Contabilidad en El Salvador","potentialAction":[{"@type":"SearchAction","target":{"@type":"EntryPoint","urlTemplate":"https:\/\/jacoboasociados.com.sv\/2016\/?s={search_term_string}"},"query-input":"required name=search_term_string"}],"inLanguage":"es"}]}},"_links":{"self":[{"href":"https:\/\/jacoboasociados.com.sv\/2016\/wp-json\/wp\/v2\/pages\/81"}],"collection":[{"href":"https:\/\/jacoboasociados.com.sv\/2016\/wp-json\/wp\/v2\/pages"}],"about":[{"href":"https:\/\/jacoboasociados.com.sv\/2016\/wp-json\/wp\/v2\/types\/page"}],"author":[{"embeddable":true,"href":"https:\/\/jacoboasociados.com.sv\/2016\/wp-json\/wp\/v2\/users\/1"}],"replies":[{"embeddable":true,"href":"https:\/\/jacoboasociados.com.sv\/2016\/wp-json\/wp\/v2\/comments?post=81"}],"version-history":[{"count":7,"href":"https:\/\/jacoboasociados.com.sv\/2016\/wp-json\/wp\/v2\/pages\/81\/revisions"}],"predecessor-version":[{"id":169,"href":"https:\/\/jacoboasociados.com.sv\/2016\/wp-json\/wp\/v2\/pages\/81\/revisions\/169"}],"up":[{"embeddable":true,"href":"https:\/\/jacoboasociados.com.sv\/2016\/wp-json\/wp\/v2\/pages\/77"}],"wp:attachment":[{"href":"https:\/\/jacoboasociados.com.sv\/2016\/wp-json\/wp\/v2\/media?parent=81"}],"curies":[{"name":"wp","href":"https:\/\/api.w.org\/{rel}","templated":true}]}}