{"id":80,"date":"2016-11-21T20:15:31","date_gmt":"2016-11-21T20:15:31","guid":{"rendered":"http:\/\/jacoboasociados.com.sv\/2016\/contactenos\/"},"modified":"2024-02-12T05:00:12","modified_gmt":"2024-02-12T11:00:12","slug":"contactenos","status":"publish","type":"page","link":"https:\/\/jacoboasociados.com.sv\/2016\/contactenos\/","title":{"rendered":"Cont\u00e1ctenos"},"content":{"rendered":"<p>[et_pb_section fb_built=&#8221;1&#8243; fullwidth=&#8221;on&#8221; custom_padding_last_edited=&#8221;on|desktop&#8221; _builder_version=&#8221;4.16&#8243; custom_padding_tablet=&#8221;50px|0|50px|0&#8243; custom_padding_phone=&#8221;50px|0|50px|0&#8243; transparent_background=&#8221;off&#8221; padding_mobile=&#8221;off&#8221; make_fullwidth=&#8221;off&#8221; use_custom_width=&#8221;off&#8221; width_unit=&#8221;off&#8221; custom_width_px=&#8221;1080px&#8221; custom_width_percent=&#8221;80%&#8221; global_colors_info=&#8221;{}&#8221;][et_pb_fullwidth_map address=&#8221;San Salvador, El Salvador&#8221; zoom_level=&#8221;16&#8243; address_lat=&#8221;13.700143107544&#8243; address_lng=&#8221;-89.245673013587&#8243; mouse_wheel=&#8221;off&#8221; admin_label=&#8221;Fullwidth Map&#8221; _builder_version=&#8221;4.19.4&#8243; global_colors_info=&#8221;{}&#8221;][et_pb_map_pin title=&#8221;Jacobo &#038; Asociados&#8221; pin_address=&#8221;Ciudad cabecera capital, San Salvador, San Salvador, El Salvador&#8221; zoom_level=&#8221;19&#8243; pin_address_lat=&#8221;13.699793917101&#8243; pin_address_lng=&#8221;-89.245608640504&#8243; _builder_version=&#8221;4.19.4&#8243; global_colors_info=&#8221;{}&#8221;]<\/p>\n<p>Direcci\u00f3n:<br \/>Colonia Maquilishuat, Avenida El Almendro, Casa No. 11-C, San Salvador, El Salvador, Centro Am\u00e9rica<\/p>\n<p>Tel\u00e9fono\/Fax:<br \/>+503 2264 1198\u00a0<\/p>\n<p>[\/et_pb_map_pin][\/et_pb_fullwidth_map][\/et_pb_section][et_pb_section fb_built=&#8221;1&#8243; custom_padding_last_edited=&#8221;on|desktop&#8221; _builder_version=&#8221;4.16&#8243; custom_padding_tablet=&#8221;50px|0|50px|0&#8243; custom_padding_phone=&#8221;50px|0|50px|0&#8243; transparent_background=&#8221;off&#8221; padding_mobile=&#8221;off&#8221; make_fullwidth=&#8221;off&#8221; use_custom_width=&#8221;off&#8221; width_unit=&#8221;off&#8221; custom_width_px=&#8221;1080px&#8221; custom_width_percent=&#8221;80%&#8221; global_colors_info=&#8221;{}&#8221;][et_pb_row column_structure=&#8221;2_3,1_3&#8243; padding_mobile=&#8221;off&#8221; column_padding_mobile=&#8221;on&#8221; _builder_version=&#8221;4.16&#8243; background_size=&#8221;initial&#8221; background_position=&#8221;top_left&#8221; background_repeat=&#8221;repeat&#8221; make_fullwidth=&#8221;off&#8221; use_custom_width=&#8221;off&#8221; width_unit=&#8221;off&#8221; custom_width_px=&#8221;1080px&#8221; custom_width_percent=&#8221;80%&#8221; global_colors_info=&#8221;{}&#8221;][et_pb_column type=&#8221;2_3&#8243; _builder_version=&#8221;4.16&#8243; custom_padding=&#8221;|||&#8221; global_colors_info=&#8221;{}&#8221; custom_padding__hover=&#8221;|||&#8221;][et_pb_contact_form email=&#8221;mjacobo@jacoboasociados.com.sv&#8221; title=&#8221;Env\u00edenos un Mensaje&#8221; admin_label=&#8221;Contact Form&#8221; module_id=&#8221;et_pb_contact_form_0&#8243; _builder_version=&#8221;4.24.0&#8243; _unique_id=&#8221;3c644ab8-8375-4669-9e67-985d4e982ce5&#8243; hover_enabled=&#8221;0&#8243; border_radii=&#8221;on|0px|0px|0px|0px&#8221; use_border_color=&#8221;off&#8221; border_color=&#8221;#ffffff&#8221; border_width=&#8221;1px&#8221; border_style=&#8221;solid&#8221; input_border_radius=&#8221;0&#8243; global_colors_info=&#8221;{}&#8221; sticky_enabled=&#8221;0&#8243;][et_pb_contact_field field_id=&#8221;Name&#8221; field_title=&#8221;Nombre&#8221; _builder_version=&#8221;4.16&#8243; border_radii=&#8221;on|0px|0px|0px|0px&#8221; input_border_radius=&#8221;0&#8243; global_colors_info=&#8221;{}&#8221; button_text_size__hover_enabled=&#8221;off&#8221; button_one_text_size__hover_enabled=&#8221;off&#8221; button_two_text_size__hover_enabled=&#8221;off&#8221; button_text_color__hover_enabled=&#8221;off&#8221; button_one_text_color__hover_enabled=&#8221;off&#8221; button_two_text_color__hover_enabled=&#8221;off&#8221; button_border_width__hover_enabled=&#8221;off&#8221; button_one_border_width__hover_enabled=&#8221;off&#8221; button_two_border_width__hover_enabled=&#8221;off&#8221; button_border_color__hover_enabled=&#8221;off&#8221; button_one_border_color__hover_enabled=&#8221;off&#8221; button_two_border_color__hover_enabled=&#8221;off&#8221; button_border_radius__hover_enabled=&#8221;off&#8221; button_one_border_radius__hover_enabled=&#8221;off&#8221; button_two_border_radius__hover_enabled=&#8221;off&#8221; button_letter_spacing__hover_enabled=&#8221;off&#8221; button_one_letter_spacing__hover_enabled=&#8221;off&#8221; button_two_letter_spacing__hover_enabled=&#8221;off&#8221; button_bg_color__hover_enabled=&#8221;off&#8221; button_one_bg_color__hover_enabled=&#8221;off&#8221; button_two_bg_color__hover_enabled=&#8221;off&#8221;][\/et_pb_contact_field][et_pb_contact_field field_id=&#8221;Telefono&#8221; field_title=&#8221;Tel\u00e9fono&#8221; _builder_version=&#8221;4.16&#8243; global_colors_info=&#8221;{}&#8221; button_text_size__hover_enabled=&#8221;off&#8221; button_one_text_size__hover_enabled=&#8221;off&#8221; button_two_text_size__hover_enabled=&#8221;off&#8221; button_text_color__hover_enabled=&#8221;off&#8221; button_one_text_color__hover_enabled=&#8221;off&#8221; button_two_text_color__hover_enabled=&#8221;off&#8221; button_border_width__hover_enabled=&#8221;off&#8221; button_one_border_width__hover_enabled=&#8221;off&#8221; button_two_border_width__hover_enabled=&#8221;off&#8221; button_border_color__hover_enabled=&#8221;off&#8221; button_one_border_color__hover_enabled=&#8221;off&#8221; button_two_border_color__hover_enabled=&#8221;off&#8221; button_border_radius__hover_enabled=&#8221;off&#8221; button_one_border_radius__hover_enabled=&#8221;off&#8221; button_two_border_radius__hover_enabled=&#8221;off&#8221; button_letter_spacing__hover_enabled=&#8221;off&#8221; button_one_letter_spacing__hover_enabled=&#8221;off&#8221; button_two_letter_spacing__hover_enabled=&#8221;off&#8221; button_bg_color__hover_enabled=&#8221;off&#8221; button_one_bg_color__hover_enabled=&#8221;off&#8221; button_two_bg_color__hover_enabled=&#8221;off&#8221;][\/et_pb_contact_field][et_pb_contact_field field_id=&#8221;Email&#8221; field_title=&#8221;Direcci\u00f3n de correo electr\u00f3nico&#8221; field_type=&#8221;email&#8221; fullwidth_field=&#8221;on&#8221; _builder_version=&#8221;4.16&#8243; border_radii=&#8221;on|0px|0px|0px|0px&#8221; input_border_radius=&#8221;0&#8243; global_colors_info=&#8221;{}&#8221; button_text_size__hover_enabled=&#8221;off&#8221; button_one_text_size__hover_enabled=&#8221;off&#8221; button_two_text_size__hover_enabled=&#8221;off&#8221; button_text_color__hover_enabled=&#8221;off&#8221; button_one_text_color__hover_enabled=&#8221;off&#8221; button_two_text_color__hover_enabled=&#8221;off&#8221; button_border_width__hover_enabled=&#8221;off&#8221; button_one_border_width__hover_enabled=&#8221;off&#8221; button_two_border_width__hover_enabled=&#8221;off&#8221; button_border_color__hover_enabled=&#8221;off&#8221; button_one_border_color__hover_enabled=&#8221;off&#8221; button_two_border_color__hover_enabled=&#8221;off&#8221; button_border_radius__hover_enabled=&#8221;off&#8221; button_one_border_radius__hover_enabled=&#8221;off&#8221; button_two_border_radius__hover_enabled=&#8221;off&#8221; button_letter_spacing__hover_enabled=&#8221;off&#8221; button_one_letter_spacing__hover_enabled=&#8221;off&#8221; button_two_letter_spacing__hover_enabled=&#8221;off&#8221; button_bg_color__hover_enabled=&#8221;off&#8221; button_one_bg_color__hover_enabled=&#8221;off&#8221; button_two_bg_color__hover_enabled=&#8221;off&#8221;][\/et_pb_contact_field][et_pb_contact_field field_id=&#8221;Message&#8221; field_title=&#8221;Mensaje&#8221; field_type=&#8221;text&#8221; fullwidth_field=&#8221;on&#8221; _builder_version=&#8221;4.16&#8243; border_radii=&#8221;on|0px|0px|0px|0px&#8221; input_border_radius=&#8221;0&#8243; global_colors_info=&#8221;{}&#8221; button_text_size__hover_enabled=&#8221;off&#8221; button_one_text_size__hover_enabled=&#8221;off&#8221; button_two_text_size__hover_enabled=&#8221;off&#8221; button_text_color__hover_enabled=&#8221;off&#8221; button_one_text_color__hover_enabled=&#8221;off&#8221; button_two_text_color__hover_enabled=&#8221;off&#8221; button_border_width__hover_enabled=&#8221;off&#8221; button_one_border_width__hover_enabled=&#8221;off&#8221; button_two_border_width__hover_enabled=&#8221;off&#8221; button_border_color__hover_enabled=&#8221;off&#8221; button_one_border_color__hover_enabled=&#8221;off&#8221; button_two_border_color__hover_enabled=&#8221;off&#8221; button_border_radius__hover_enabled=&#8221;off&#8221; button_one_border_radius__hover_enabled=&#8221;off&#8221; button_two_border_radius__hover_enabled=&#8221;off&#8221; button_letter_spacing__hover_enabled=&#8221;off&#8221; button_one_letter_spacing__hover_enabled=&#8221;off&#8221; button_two_letter_spacing__hover_enabled=&#8221;off&#8221; button_bg_color__hover_enabled=&#8221;off&#8221; button_one_bg_color__hover_enabled=&#8221;off&#8221; button_two_bg_color__hover_enabled=&#8221;off&#8221;][\/et_pb_contact_field][\/et_pb_contact_form][\/et_pb_column][et_pb_column type=&#8221;1_3&#8243; _builder_version=&#8221;4.16&#8243; custom_padding=&#8221;|||&#8221; global_colors_info=&#8221;{}&#8221; custom_padding__hover=&#8221;|||&#8221;][et_pb_text admin_label=&#8221;Text&#8221; _builder_version=&#8221;4.24.0&#8243; background_size=&#8221;initial&#8221; background_position=&#8221;top_left&#8221; background_repeat=&#8221;repeat&#8221; hover_enabled=&#8221;0&#8243; use_border_color=&#8221;off&#8221; border_style=&#8221;solid&#8221; global_colors_info=&#8221;{}&#8221; sticky_enabled=&#8221;0&#8243;]<\/p>\n<h3>Informaci\u00f3n de Contacto<\/h3>\n<p><strong>Direcci\u00f3n:<br \/><\/strong>Colonia Maquilishuat, Avenida El Almendro, Casa No. 11-C, San Salvador, El Salvador, Centro Am\u00e9rica<\/p>\n<p><strong>Tel\u00e9fono:<br \/><\/strong>+503\u00a02264-1198<\/p>\n<p><strong>Correo Electr\u00f3nico:<br \/><\/strong><a href=\"mailto:info@jacoboasociados.com.sv\">info@jacoboasociados.com.sv<\/a><\/p>\n<p>[\/et_pb_text][\/et_pb_column][\/et_pb_row][\/et_pb_section]<\/p>\n","protected":false},"excerpt":{"rendered":"<p>Direcci\u00f3n:Colonia Maquilishuat, Avenida El Almendro, Casa No. 11-C, San Salvador, El Salvador, Centro Am\u00e9rica Tel\u00e9fono\/Fax:+503 2264 1198\u00a0Informaci\u00f3n de Contacto Direcci\u00f3n:Colonia Maquilishuat, Avenida El Almendro, Casa No. 11-C, San Salvador, El Salvador, Centro Am\u00e9rica Tel\u00e9fono:+503\u00a02264-1198 Correo Electr\u00f3nico:info@jacoboasociados.com.sv<\/p>\n","protected":false},"author":1,"featured_media":0,"parent":0,"menu_order":5,"comment_status":"closed","ping_status":"closed","template":"","meta":{"_et_pb_use_builder":"on","_et_pb_old_content":"","_et_gb_content_width":"","footnotes":""},"yoast_head":"<!-- This site is optimized with the Yoast SEO plugin v22.0 - https:\/\/yoast.com\/wordpress\/plugins\/seo\/ -->\n<title>Cont\u00e1ctenos - Jacobo y Asociados<\/title>\n<meta name=\"robots\" content=\"index, follow, max-snippet:-1, max-image-preview:large, max-video-preview:-1\" \/>\n<link rel=\"canonical\" href=\"https:\/\/jacoboasociados.com.sv\/2016\/contactenos\/\" \/>\n<meta property=\"og:locale\" content=\"es_ES\" \/>\n<meta property=\"og:type\" content=\"article\" \/>\n<meta property=\"og:title\" content=\"Cont\u00e1ctenos - Jacobo y Asociados\" \/>\n<meta property=\"og:description\" content=\"Direcci\u00f3n:Colonia Maquilishuat, Avenida El Almendro, Casa No. 11-C, San Salvador, El Salvador, Centro Am\u00e9rica Tel\u00e9fono\/Fax:+503 2264 1198\u00a0Informaci\u00f3n de Contacto Direcci\u00f3n:Colonia Maquilishuat, Avenida El Almendro, Casa No. 11-C, San Salvador, El Salvador, Centro Am\u00e9rica Tel\u00e9fono:+503\u00a02264-1198 Correo Electr\u00f3nico:info@jacoboasociados.com.sv\" \/>\n<meta property=\"og:url\" content=\"https:\/\/jacoboasociados.com.sv\/2016\/contactenos\/\" \/>\n<meta property=\"og:site_name\" content=\"Jacobo y Asociados\" \/>\n<meta property=\"article:modified_time\" content=\"2024-02-12T11:00:12+00:00\" \/>\n<meta name=\"twitter:card\" content=\"summary_large_image\" \/>\n<meta name=\"twitter:label1\" content=\"Tiempo de lectura\" \/>\n\t<meta name=\"twitter:data1\" content=\"5 minutos\" \/>\n<script type=\"application\/ld+json\" class=\"yoast-schema-graph\">{\"@context\":\"https:\/\/schema.org\",\"@graph\":[{\"@type\":\"WebPage\",\"@id\":\"https:\/\/jacoboasociados.com.sv\/2016\/contactenos\/\",\"url\":\"https:\/\/jacoboasociados.com.sv\/2016\/contactenos\/\",\"name\":\"Cont\u00e1ctenos - Jacobo y Asociados\",\"isPartOf\":{\"@id\":\"https:\/\/jacoboasociados.com.sv\/2016\/#website\"},\"datePublished\":\"2016-11-21T20:15:31+00:00\",\"dateModified\":\"2024-02-12T11:00:12+00:00\",\"breadcrumb\":{\"@id\":\"https:\/\/jacoboasociados.com.sv\/2016\/contactenos\/#breadcrumb\"},\"inLanguage\":\"es\",\"potentialAction\":[{\"@type\":\"ReadAction\",\"target\":[\"https:\/\/jacoboasociados.com.sv\/2016\/contactenos\/\"]}]},{\"@type\":\"BreadcrumbList\",\"@id\":\"https:\/\/jacoboasociados.com.sv\/2016\/contactenos\/#breadcrumb\",\"itemListElement\":[{\"@type\":\"ListItem\",\"position\":1,\"name\":\"Portada\",\"item\":\"https:\/\/jacoboasociados.com.sv\/2016\/\"},{\"@type\":\"ListItem\",\"position\":2,\"name\":\"Cont\u00e1ctenos\"}]},{\"@type\":\"WebSite\",\"@id\":\"https:\/\/jacoboasociados.com.sv\/2016\/#website\",\"url\":\"https:\/\/jacoboasociados.com.sv\/2016\/\",\"name\":\"Jacobo y Asociados\",\"description\":\"Auditor\u00eda y Contabilidad en El Salvador\",\"potentialAction\":[{\"@type\":\"SearchAction\",\"target\":{\"@type\":\"EntryPoint\",\"urlTemplate\":\"https:\/\/jacoboasociados.com.sv\/2016\/?s={search_term_string}\"},\"query-input\":\"required name=search_term_string\"}],\"inLanguage\":\"es\"}]}<\/script>\n<!-- \/ Yoast SEO plugin. -->","yoast_head_json":{"title":"Cont\u00e1ctenos - Jacobo y Asociados","robots":{"index":"index","follow":"follow","max-snippet":"max-snippet:-1","max-image-preview":"max-image-preview:large","max-video-preview":"max-video-preview:-1"},"canonical":"https:\/\/jacoboasociados.com.sv\/2016\/contactenos\/","og_locale":"es_ES","og_type":"article","og_title":"Cont\u00e1ctenos - Jacobo y Asociados","og_description":"Direcci\u00f3n:Colonia Maquilishuat, Avenida El Almendro, Casa No. 11-C, San Salvador, El Salvador, Centro Am\u00e9rica Tel\u00e9fono\/Fax:+503 2264 1198\u00a0Informaci\u00f3n de Contacto Direcci\u00f3n:Colonia Maquilishuat, Avenida El Almendro, Casa No. 11-C, San Salvador, El Salvador, Centro Am\u00e9rica Tel\u00e9fono:+503\u00a02264-1198 Correo Electr\u00f3nico:info@jacoboasociados.com.sv","og_url":"https:\/\/jacoboasociados.com.sv\/2016\/contactenos\/","og_site_name":"Jacobo y Asociados","article_modified_time":"2024-02-12T11:00:12+00:00","twitter_card":"summary_large_image","twitter_misc":{"Tiempo de lectura":"5 minutos"},"schema":{"@context":"https:\/\/schema.org","@graph":[{"@type":"WebPage","@id":"https:\/\/jacoboasociados.com.sv\/2016\/contactenos\/","url":"https:\/\/jacoboasociados.com.sv\/2016\/contactenos\/","name":"Cont\u00e1ctenos - Jacobo y Asociados","isPartOf":{"@id":"https:\/\/jacoboasociados.com.sv\/2016\/#website"},"datePublished":"2016-11-21T20:15:31+00:00","dateModified":"2024-02-12T11:00:12+00:00","breadcrumb":{"@id":"https:\/\/jacoboasociados.com.sv\/2016\/contactenos\/#breadcrumb"},"inLanguage":"es","potentialAction":[{"@type":"ReadAction","target":["https:\/\/jacoboasociados.com.sv\/2016\/contactenos\/"]}]},{"@type":"BreadcrumbList","@id":"https:\/\/jacoboasociados.com.sv\/2016\/contactenos\/#breadcrumb","itemListElement":[{"@type":"ListItem","position":1,"name":"Portada","item":"https:\/\/jacoboasociados.com.sv\/2016\/"},{"@type":"ListItem","position":2,"name":"Cont\u00e1ctenos"}]},{"@type":"WebSite","@id":"https:\/\/jacoboasociados.com.sv\/2016\/#website","url":"https:\/\/jacoboasociados.com.sv\/2016\/","name":"Jacobo y Asociados","description":"Auditor\u00eda y Contabilidad en El Salvador","potentialAction":[{"@type":"SearchAction","target":{"@type":"EntryPoint","urlTemplate":"https:\/\/jacoboasociados.com.sv\/2016\/?s={search_term_string}"},"query-input":"required name=search_term_string"}],"inLanguage":"es"}]}},"_links":{"self":[{"href":"https:\/\/jacoboasociados.com.sv\/2016\/wp-json\/wp\/v2\/pages\/80"}],"collection":[{"href":"https:\/\/jacoboasociados.com.sv\/2016\/wp-json\/wp\/v2\/pages"}],"about":[{"href":"https:\/\/jacoboasociados.com.sv\/2016\/wp-json\/wp\/v2\/types\/page"}],"author":[{"embeddable":true,"href":"https:\/\/jacoboasociados.com.sv\/2016\/wp-json\/wp\/v2\/users\/1"}],"replies":[{"embeddable":true,"href":"https:\/\/jacoboasociados.com.sv\/2016\/wp-json\/wp\/v2\/comments?post=80"}],"version-history":[{"count":3,"href":"https:\/\/jacoboasociados.com.sv\/2016\/wp-json\/wp\/v2\/pages\/80\/revisions"}],"predecessor-version":[{"id":1096,"href":"https:\/\/jacoboasociados.com.sv\/2016\/wp-json\/wp\/v2\/pages\/80\/revisions\/1096"}],"wp:attachment":[{"href":"https:\/\/jacoboasociados.com.sv\/2016\/wp-json\/wp\/v2\/media?parent=80"}],"curies":[{"name":"wp","href":"https:\/\/api.w.org\/{rel}","templated":true}]}}