{"id":77,"date":"2016-11-21T20:15:31","date_gmt":"2016-11-21T20:15:31","guid":{"rendered":"http:\/\/jacoboasociados.com.sv\/2016\/servicios\/"},"modified":"2016-12-21T10:59:47","modified_gmt":"2016-12-21T16:59:47","slug":"servicios","status":"publish","type":"page","link":"https:\/\/jacoboasociados.com.sv\/2016\/servicios\/","title":{"rendered":"Servicios"},"content":{"rendered":"<p>[et_pb_section admin_label=&#8221;Secci\u00f3n&#8221; background_image=&#8221;http:\/\/jacoboasociados.com.sv\/2016\/wp-content\/uploads\/2016\/11\/bg11.jpg&#8221; transparent_background=&#8221;off&#8221; allow_player_pause=&#8221;off&#8221; inner_shadow=&#8221;off&#8221; parallax=&#8221;off&#8221; parallax_method=&#8221;on&#8221; custom_padding=&#8221;42px|0px|0px|0px&#8221; padding_mobile=&#8221;off&#8221; make_fullwidth=&#8221;off&#8221; use_custom_width=&#8221;off&#8221; width_unit=&#8221;off&#8221; custom_width_px=&#8221;1080px&#8221; custom_width_percent=&#8221;80%&#8221; make_equal=&#8221;off&#8221; use_custom_gutter=&#8221;off&#8221; fullwidth=&#8221;off&#8221; specialty=&#8221;off&#8221; disabled=&#8221;off&#8221;][et_pb_row admin_label=&#8221;Fila&#8221; make_fullwidth=&#8221;on&#8221; use_custom_width=&#8221;off&#8221; width_unit=&#8221;off&#8221; custom_width_px=&#8221;1080px&#8221; custom_width_percent=&#8221;80%&#8221; use_custom_gutter=&#8221;off&#8221; gutter_width=&#8221;3&#8243; padding_mobile=&#8221;off&#8221; allow_player_pause=&#8221;off&#8221; parallax=&#8221;off&#8221; parallax_method=&#8221;on&#8221; make_equal=&#8221;off&#8221; column_padding_mobile=&#8221;on&#8221; parallax_1=&#8221;off&#8221; parallax_method_1=&#8221;on&#8221; parallax_2=&#8221;off&#8221; parallax_method_2=&#8221;on&#8221; parallax_3=&#8221;off&#8221; parallax_method_3=&#8221;on&#8221; parallax_4=&#8221;off&#8221; parallax_method_4=&#8221;on&#8221; disabled=&#8221;off&#8221;][et_pb_column type=&#8221;4_4&#8243;][et_pb_text admin_label=&#8221;Texto&#8221; background_layout=&#8221;light&#8221; text_orientation=&#8221;center&#8221; use_border_color=&#8221;off&#8221; border_style=&#8221;solid&#8221; disabled=&#8221;off&#8221;]<\/p>\n<h1>Nuestros Servicios<\/h1>\n<p>M\u00e1s de 14 a\u00f1os de experiencia y cientos de clientes satisfechos respaldan nuestro profesionalismo<\/p>\n<p>[\/et_pb_text][\/et_pb_column][\/et_pb_row][et_pb_row admin_label=&#8221;Fila&#8221; make_fullwidth=&#8221;on&#8221; use_custom_width=&#8221;off&#8221; width_unit=&#8221;off&#8221; use_custom_gutter=&#8221;off&#8221; padding_mobile=&#8221;off&#8221; allow_player_pause=&#8221;off&#8221; parallax=&#8221;off&#8221; parallax_method=&#8221;on&#8221; make_equal=&#8221;off&#8221; column_padding_mobile=&#8221;on&#8221; parallax_1=&#8221;off&#8221; parallax_method_1=&#8221;on&#8221; parallax_2=&#8221;off&#8221; parallax_method_2=&#8221;on&#8221; parallax_3=&#8221;off&#8221; parallax_method_3=&#8221;on&#8221; parallax_4=&#8221;off&#8221; parallax_method_4=&#8221;on&#8221; disabled=&#8221;off&#8221;][et_pb_column type=&#8221;1_4&#8243;][et_pb_blurb admin_label=&#8221;Servicios de Auditor\u00eda&#8221; title=&#8221;Servicios de Auditor\u00eda&#8221; url=&#8221;\/2016\/servicios\/servicios-de-auditoria\/&#8221; url_new_window=&#8221;off&#8221; use_icon=&#8221;off&#8221; icon_color=&#8221;#7EBEC5&#8243; use_circle=&#8221;off&#8221; circle_color=&#8221;#7EBEC5&#8243; use_circle_border=&#8221;off&#8221; circle_border_color=&#8221;#7EBEC5&#8243; image=&#8221;http:\/\/jacoboasociados.com.sv\/2016\/wp-content\/uploads\/2016\/11\/icono-auditoria.png&#8221; alt=&#8221;Servicios de Auditor\u00eda en El Salvador&#8221; icon_placement=&#8221;top&#8221; animation=&#8221;top&#8221; background_layout=&#8221;light&#8221; text_orientation=&#8221;center&#8221; use_icon_font_size=&#8221;off&#8221; use_border_color=&#8221;off&#8221; border_color=&#8221;#ffffff&#8221; border_style=&#8221;solid&#8221; disabled=&#8221;off&#8221;]<\/p>\n<p>Servicios profesionales de auditor\u00eda interna, auditor\u00eda externa, auditor\u00eda fiscal y asesor\u00eda \/ consultor\u00eda tributaria<\/p>\n<p>[\/et_pb_blurb][et_pb_button admin_label=&#8221;Bot\u00f3n&#8221; button_url=&#8221;\/2016\/servicios\/servicios-de-auditoria\/&#8221; url_new_window=&#8221;off&#8221; button_text=&#8221;M\u00e1s informaci\u00f3n&#8221; button_alignment=&#8221;center&#8221; background_layout=&#8221;light&#8221; custom_button=&#8221;off&#8221; button_use_icon=&#8221;on&#8221; button_icon_placement=&#8221;right&#8221; button_on_hover=&#8221;on&#8221; button_letter_spacing_hover=&#8221;0&#8243; disabled=&#8221;off&#8221; button_letter_spacing=&#8221;0&#8243;] [\/et_pb_button][\/et_pb_column][et_pb_column type=&#8221;1_4&#8243;][et_pb_blurb admin_label=&#8221;Asesor\u00eda y Consultor\u00eda Tributaria&#8221; title=&#8221;Asesor\u00eda y Consultor\u00eda Tributaria&#8221; url=&#8221;\/2016\/servicios\/asesoria-consultoria-tributaria\/&#8221; url_new_window=&#8221;off&#8221; use_icon=&#8221;off&#8221; icon_color=&#8221;#7EBEC5&#8243; use_circle=&#8221;off&#8221; circle_color=&#8221;#7EBEC5&#8243; use_circle_border=&#8221;off&#8221; circle_border_color=&#8221;#7EBEC5&#8243; image=&#8221;http:\/\/jacoboasociados.com.sv\/2016\/wp-content\/uploads\/2016\/11\/icono-auditoria-1.png&#8221; alt=&#8221;Servicios de Asesor\u00eda y Consultor\u00eda Tributaria&#8221; icon_placement=&#8221;top&#8221; animation=&#8221;top&#8221; background_layout=&#8221;light&#8221; text_orientation=&#8221;center&#8221; use_icon_font_size=&#8221;off&#8221; use_border_color=&#8221;off&#8221; border_color=&#8221;#ffffff&#8221; border_style=&#8221;solid&#8221; disabled=&#8221;off&#8221;]<\/p>\n<p>Apoyamos a nuestros clientes con un servicio de asesor\u00eda y consultor\u00eda fiscal para beneficiar sus operaciones<\/p>\n<p>[\/et_pb_blurb][et_pb_button admin_label=&#8221;Bot\u00f3n&#8221; button_url=&#8221;\/2016\/servicios\/asesoria-consultoria-tributaria\/&#8221; url_new_window=&#8221;off&#8221; button_text=&#8221;M\u00e1s informaci\u00f3n&#8221; button_alignment=&#8221;center&#8221; background_layout=&#8221;light&#8221; custom_button=&#8221;off&#8221; button_use_icon=&#8221;on&#8221; button_icon_placement=&#8221;right&#8221; button_on_hover=&#8221;on&#8221; button_letter_spacing_hover=&#8221;0&#8243; disabled=&#8221;off&#8221; button_letter_spacing=&#8221;0&#8243;] [\/et_pb_button][\/et_pb_column][et_pb_column type=&#8221;1_4&#8243;][et_pb_blurb admin_label=&#8221;Asesor\u00eda y Consultor\u00eda Financiera&#8221; title=&#8221;Asesor\u00eda y Consultor\u00eda Financiera&#8221; url=&#8221;\/2016\/servicios\/asesoria-consultoria-financiera\/&#8221; url_new_window=&#8221;off&#8221; use_icon=&#8221;off&#8221; icon_color=&#8221;#7EBEC5&#8243; use_circle=&#8221;off&#8221; circle_color=&#8221;#7EBEC5&#8243; use_circle_border=&#8221;off&#8221; circle_border_color=&#8221;#7EBEC5&#8243; image=&#8221;http:\/\/jacoboasociados.com.sv\/2016\/wp-content\/uploads\/2016\/11\/icono-auditoria-2.png&#8221; alt=&#8221;Servicios de Asesor\u00eda y Consultor\u00eda Financiera&#8221; icon_placement=&#8221;top&#8221; animation=&#8221;top&#8221; background_layout=&#8221;light&#8221; text_orientation=&#8221;center&#8221; use_icon_font_size=&#8221;off&#8221; use_border_color=&#8221;off&#8221; border_color=&#8221;#ffffff&#8221; border_style=&#8221;solid&#8221; disabled=&#8221;off&#8221;]<\/p>\n<p>Asesoramos y brindamos consultor\u00eda a personas y empresas en sus \u00e1reas financieras con respaldo profesional.<\/p>\n<p>[\/et_pb_blurb][et_pb_button admin_label=&#8221;Bot\u00f3n&#8221; button_url=&#8221;\/2016\/servicios\/asesoria-consultoria-financiera\/&#8221; url_new_window=&#8221;off&#8221; button_text=&#8221;M\u00e1s informaci\u00f3n&#8221; button_alignment=&#8221;center&#8221; background_layout=&#8221;light&#8221; custom_button=&#8221;off&#8221; button_use_icon=&#8221;on&#8221; button_icon_placement=&#8221;right&#8221; button_on_hover=&#8221;on&#8221; button_letter_spacing_hover=&#8221;0&#8243; disabled=&#8221;off&#8221; button_letter_spacing=&#8221;0&#8243;] [\/et_pb_button][\/et_pb_column][et_pb_column type=&#8221;1_4&#8243;][et_pb_blurb admin_label=&#8221;Servicios de Contabilidad&#8221; title=&#8221;Servicios de Contabilidad&#8221; url=&#8221;\/2016\/servicios\/servicios-de-contabilidad\/&#8221; url_new_window=&#8221;off&#8221; use_icon=&#8221;off&#8221; icon_color=&#8221;#7EBEC5&#8243; use_circle=&#8221;off&#8221; circle_color=&#8221;#7EBEC5&#8243; use_circle_border=&#8221;off&#8221; circle_border_color=&#8221;#7EBEC5&#8243; image=&#8221;http:\/\/jacoboasociados.com.sv\/2016\/wp-content\/uploads\/2016\/11\/icono-contabilidad.png&#8221; alt=&#8221;Servicios de Contabilidad en El Salvador&#8221; icon_placement=&#8221;top&#8221; animation=&#8221;top&#8221; background_layout=&#8221;light&#8221; text_orientation=&#8221;center&#8221; use_icon_font_size=&#8221;off&#8221; use_border_color=&#8221;off&#8221; border_color=&#8221;#ffffff&#8221; border_style=&#8221;solid&#8221; disabled=&#8221;off&#8221;]<\/p>\n<p>Servicios profesionales de contabilidad en El Salvador as\u00ed como servicios relativos a la gesti\u00f3n de calidad de la contabilidad para empresas<\/p>\n<p>[\/et_pb_blurb][et_pb_button admin_label=&#8221;Bot\u00f3n&#8221; button_url=&#8221;\/2016\/servicios\/servicios-de-contabilidad\/&#8221; url_new_window=&#8221;off&#8221; button_text=&#8221;M\u00e1s informaci\u00f3n&#8221; button_alignment=&#8221;center&#8221; background_layout=&#8221;light&#8221; custom_button=&#8221;off&#8221; button_use_icon=&#8221;on&#8221; button_icon_placement=&#8221;right&#8221; button_on_hover=&#8221;on&#8221; button_letter_spacing_hover=&#8221;0&#8243; disabled=&#8221;off&#8221; button_letter_spacing=&#8221;0&#8243;] [\/et_pb_button][\/et_pb_column][\/et_pb_row][\/et_pb_section]<\/p>\n","protected":false},"excerpt":{"rendered":"<p>Nuestros Servicios M\u00e1s de 14 a\u00f1os de experiencia y cientos de clientes satisfechos respaldan nuestro profesionalismo Servicios profesionales de auditor\u00eda interna, auditor\u00eda externa, auditor\u00eda fiscal y asesor\u00eda \/ consultor\u00eda tributaria Apoyamos a nuestros clientes con un servicio de asesor\u00eda y consultor\u00eda fiscal para beneficiar sus operaciones Asesoramos y brindamos consultor\u00eda a personas y empresas en [&hellip;]<\/p>\n","protected":false},"author":1,"featured_media":0,"parent":0,"menu_order":2,"comment_status":"closed","ping_status":"closed","template":"","meta":{"_et_pb_use_builder":"on","_et_pb_old_content":"","_et_gb_content_width":"","footnotes":""},"yoast_head":"<!-- This site is optimized with the Yoast SEO plugin v22.0 - https:\/\/yoast.com\/wordpress\/plugins\/seo\/ -->\n<title>Servicios - Jacobo y Asociados<\/title>\n<meta name=\"robots\" content=\"index, follow, max-snippet:-1, max-image-preview:large, max-video-preview:-1\" \/>\n<link rel=\"canonical\" href=\"https:\/\/jacoboasociados.com.sv\/2016\/servicios\/\" \/>\n<meta property=\"og:locale\" content=\"es_ES\" \/>\n<meta property=\"og:type\" content=\"article\" \/>\n<meta property=\"og:title\" content=\"Servicios - Jacobo y Asociados\" \/>\n<meta property=\"og:description\" content=\"Nuestros Servicios M\u00e1s de 14 a\u00f1os de experiencia y cientos de clientes satisfechos respaldan nuestro profesionalismo Servicios profesionales de auditor\u00eda interna, auditor\u00eda externa, auditor\u00eda fiscal y asesor\u00eda \/ consultor\u00eda tributaria Apoyamos a nuestros clientes con un servicio de asesor\u00eda y consultor\u00eda fiscal para beneficiar sus operaciones Asesoramos y brindamos consultor\u00eda a personas y empresas en [&hellip;]\" \/>\n<meta property=\"og:url\" content=\"https:\/\/jacoboasociados.com.sv\/2016\/servicios\/\" \/>\n<meta property=\"og:site_name\" content=\"Jacobo y Asociados\" \/>\n<meta property=\"article:modified_time\" content=\"2016-12-21T16:59:47+00:00\" \/>\n<meta name=\"twitter:card\" content=\"summary_large_image\" \/>\n<meta name=\"twitter:label1\" content=\"Tiempo de lectura\" \/>\n\t<meta name=\"twitter:data1\" content=\"5 minutos\" \/>\n<script type=\"application\/ld+json\" class=\"yoast-schema-graph\">{\"@context\":\"https:\/\/schema.org\",\"@graph\":[{\"@type\":\"WebPage\",\"@id\":\"https:\/\/jacoboasociados.com.sv\/2016\/servicios\/\",\"url\":\"https:\/\/jacoboasociados.com.sv\/2016\/servicios\/\",\"name\":\"Servicios - Jacobo y Asociados\",\"isPartOf\":{\"@id\":\"https:\/\/jacoboasociados.com.sv\/2016\/#website\"},\"datePublished\":\"2016-11-21T20:15:31+00:00\",\"dateModified\":\"2016-12-21T16:59:47+00:00\",\"breadcrumb\":{\"@id\":\"https:\/\/jacoboasociados.com.sv\/2016\/servicios\/#breadcrumb\"},\"inLanguage\":\"es\",\"potentialAction\":[{\"@type\":\"ReadAction\",\"target\":[\"https:\/\/jacoboasociados.com.sv\/2016\/servicios\/\"]}]},{\"@type\":\"BreadcrumbList\",\"@id\":\"https:\/\/jacoboasociados.com.sv\/2016\/servicios\/#breadcrumb\",\"itemListElement\":[{\"@type\":\"ListItem\",\"position\":1,\"name\":\"Portada\",\"item\":\"https:\/\/jacoboasociados.com.sv\/2016\/\"},{\"@type\":\"ListItem\",\"position\":2,\"name\":\"Servicios\"}]},{\"@type\":\"WebSite\",\"@id\":\"https:\/\/jacoboasociados.com.sv\/2016\/#website\",\"url\":\"https:\/\/jacoboasociados.com.sv\/2016\/\",\"name\":\"Jacobo y Asociados\",\"description\":\"Auditor\u00eda y Contabilidad en El Salvador\",\"potentialAction\":[{\"@type\":\"SearchAction\",\"target\":{\"@type\":\"EntryPoint\",\"urlTemplate\":\"https:\/\/jacoboasociados.com.sv\/2016\/?s={search_term_string}\"},\"query-input\":\"required name=search_term_string\"}],\"inLanguage\":\"es\"}]}<\/script>\n<!-- \/ Yoast SEO plugin. -->","yoast_head_json":{"title":"Servicios - Jacobo y Asociados","robots":{"index":"index","follow":"follow","max-snippet":"max-snippet:-1","max-image-preview":"max-image-preview:large","max-video-preview":"max-video-preview:-1"},"canonical":"https:\/\/jacoboasociados.com.sv\/2016\/servicios\/","og_locale":"es_ES","og_type":"article","og_title":"Servicios - Jacobo y Asociados","og_description":"Nuestros Servicios M\u00e1s de 14 a\u00f1os de experiencia y cientos de clientes satisfechos respaldan nuestro profesionalismo Servicios profesionales de auditor\u00eda interna, auditor\u00eda externa, auditor\u00eda fiscal y asesor\u00eda \/ consultor\u00eda tributaria Apoyamos a nuestros clientes con un servicio de asesor\u00eda y consultor\u00eda fiscal para beneficiar sus operaciones Asesoramos y brindamos consultor\u00eda a personas y empresas en [&hellip;]","og_url":"https:\/\/jacoboasociados.com.sv\/2016\/servicios\/","og_site_name":"Jacobo y Asociados","article_modified_time":"2016-12-21T16:59:47+00:00","twitter_card":"summary_large_image","twitter_misc":{"Tiempo de lectura":"5 minutos"},"schema":{"@context":"https:\/\/schema.org","@graph":[{"@type":"WebPage","@id":"https:\/\/jacoboasociados.com.sv\/2016\/servicios\/","url":"https:\/\/jacoboasociados.com.sv\/2016\/servicios\/","name":"Servicios - Jacobo y Asociados","isPartOf":{"@id":"https:\/\/jacoboasociados.com.sv\/2016\/#website"},"datePublished":"2016-11-21T20:15:31+00:00","dateModified":"2016-12-21T16:59:47+00:00","breadcrumb":{"@id":"https:\/\/jacoboasociados.com.sv\/2016\/servicios\/#breadcrumb"},"inLanguage":"es","potentialAction":[{"@type":"ReadAction","target":["https:\/\/jacoboasociados.com.sv\/2016\/servicios\/"]}]},{"@type":"BreadcrumbList","@id":"https:\/\/jacoboasociados.com.sv\/2016\/servicios\/#breadcrumb","itemListElement":[{"@type":"ListItem","position":1,"name":"Portada","item":"https:\/\/jacoboasociados.com.sv\/2016\/"},{"@type":"ListItem","position":2,"name":"Servicios"}]},{"@type":"WebSite","@id":"https:\/\/jacoboasociados.com.sv\/2016\/#website","url":"https:\/\/jacoboasociados.com.sv\/2016\/","name":"Jacobo y Asociados","description":"Auditor\u00eda y Contabilidad en El Salvador","potentialAction":[{"@type":"SearchAction","target":{"@type":"EntryPoint","urlTemplate":"https:\/\/jacoboasociados.com.sv\/2016\/?s={search_term_string}"},"query-input":"required name=search_term_string"}],"inLanguage":"es"}]}},"_links":{"self":[{"href":"https:\/\/jacoboasociados.com.sv\/2016\/wp-json\/wp\/v2\/pages\/77"}],"collection":[{"href":"https:\/\/jacoboasociados.com.sv\/2016\/wp-json\/wp\/v2\/pages"}],"about":[{"href":"https:\/\/jacoboasociados.com.sv\/2016\/wp-json\/wp\/v2\/types\/page"}],"author":[{"embeddable":true,"href":"https:\/\/jacoboasociados.com.sv\/2016\/wp-json\/wp\/v2\/users\/1"}],"replies":[{"embeddable":true,"href":"https:\/\/jacoboasociados.com.sv\/2016\/wp-json\/wp\/v2\/comments?post=77"}],"version-history":[{"count":3,"href":"https:\/\/jacoboasociados.com.sv\/2016\/wp-json\/wp\/v2\/pages\/77\/revisions"}],"predecessor-version":[{"id":187,"href":"https:\/\/jacoboasociados.com.sv\/2016\/wp-json\/wp\/v2\/pages\/77\/revisions\/187"}],"wp:attachment":[{"href":"https:\/\/jacoboasociados.com.sv\/2016\/wp-json\/wp\/v2\/media?parent=77"}],"curies":[{"name":"wp","href":"https:\/\/api.w.org\/{rel}","templated":true}]}}