{"id":175,"date":"2016-12-15T10:42:43","date_gmt":"2016-12-15T16:42:43","guid":{"rendered":"http:\/\/jacoboasociados.com.sv\/2016\/?page_id=175"},"modified":"2016-12-15T10:43:00","modified_gmt":"2016-12-15T16:43:00","slug":"asesoria-consultoria-financiera","status":"publish","type":"page","link":"https:\/\/jacoboasociados.com.sv\/2016\/servicios\/asesoria-consultoria-financiera\/","title":{"rendered":"Asesor\u00eda y Consultor\u00eda Financiera"},"content":{"rendered":"<p>[et_pb_section admin_label=&#8221;section&#8221; transparent_background=&#8221;off&#8221; allow_player_pause=&#8221;off&#8221; inner_shadow=&#8221;off&#8221; parallax=&#8221;off&#8221; parallax_method=&#8221;on&#8221; custom_padding=&#8221;0px|0px|0px|0px&#8221; padding_mobile=&#8221;off&#8221; make_fullwidth=&#8221;off&#8221; use_custom_width=&#8221;off&#8221; width_unit=&#8221;off&#8221; custom_width_px=&#8221;1080px&#8221; custom_width_percent=&#8221;80%&#8221; make_equal=&#8221;off&#8221; use_custom_gutter=&#8221;off&#8221; fullwidth=&#8221;off&#8221; specialty=&#8221;off&#8221;][et_pb_row admin_label=&#8221;row&#8221; make_fullwidth=&#8221;on&#8221; use_custom_width=&#8221;off&#8221; width_unit=&#8221;off&#8221; use_custom_gutter=&#8221;on&#8221; gutter_width=&#8221;1&#8243; custom_padding=&#8221;0px|0px|0px|0px&#8221; padding_mobile=&#8221;off&#8221; allow_player_pause=&#8221;off&#8221; parallax=&#8221;off&#8221; parallax_method=&#8221;on&#8221; make_equal=&#8221;on&#8221; column_padding_mobile=&#8221;on&#8221; bg_img_1=&#8221;http:\/\/jacoboasociados.com.sv\/2016\/wp-content\/uploads\/2016\/12\/bgauditoria1.jpg&#8221; padding_top_1=&#8221;100px&#8221; padding_right_1=&#8221;50px&#8221; padding_bottom_1=&#8221;100px&#8221; padding_left_1=&#8221;50px&#8221; padding_top_2=&#8221;100px&#8221; padding_right_2=&#8221;50px&#8221; padding_bottom_2=&#8221;100px&#8221; padding_left_2=&#8221;50px&#8221; parallax_1=&#8221;off&#8221; parallax_method_1=&#8221;on&#8221; parallax_2=&#8221;off&#8221; parallax_method_2=&#8221;on&#8221; parallax_3=&#8221;off&#8221; parallax_method_3=&#8221;on&#8221; parallax_4=&#8221;off&#8221; parallax_method_4=&#8221;on&#8221;][et_pb_column type=&#8221;1_2&#8243;][\/et_pb_column][et_pb_column type=&#8221;1_2&#8243;][et_pb_text admin_label=&#8221;Texto&#8221; background_layout=&#8221;light&#8221; text_orientation=&#8221;left&#8221; use_border_color=&#8221;off&#8221; border_style=&#8221;solid&#8221; disabled=&#8221;off&#8221; border_color=&#8221;#ffffff&#8221; custom_margin=&#8221;||50px|&#8221;]<\/p>\n<h1>Servicios de Asesor\u00eda y Consultor\u00eda Financiera<\/h1>\n<p>&nbsp;<\/p>\n<ul>\n<li>Asesoramiento en la Constituci\u00f3n y Legalizaci\u00f3n de Empresas.<\/li>\n<li>Administraci\u00f3n de N\u00f3mina.<\/li>\n<li>Asesoramiento y Planificaci\u00f3n Financiera y Fiscal.<\/li>\n<li>Otros servicios Espec\u00edficos Relacionados a las Finanzas y la Tributaci\u00f3n Requeridas por Designaci\u00f3n Jur\u00eddica.<\/li>\n<li>Reval\u00faos de Propiedad, Planta y Equipo.<\/li>\n<\/ul>\n<p>[\/et_pb_text][\/et_pb_column][\/et_pb_row][\/et_pb_section]<\/p>\n","protected":false},"excerpt":{"rendered":"<p>Servicios de Asesor\u00eda y Consultor\u00eda Financiera &nbsp; Asesoramiento en la Constituci\u00f3n y Legalizaci\u00f3n de Empresas. Administraci\u00f3n de N\u00f3mina. Asesoramiento y Planificaci\u00f3n Financiera y Fiscal. Otros servicios Espec\u00edficos Relacionados a las Finanzas y la Tributaci\u00f3n Requeridas por Designaci\u00f3n Jur\u00eddica. Reval\u00faos de Propiedad, Planta y Equipo.<\/p>\n","protected":false},"author":1,"featured_media":0,"parent":77,"menu_order":3,"comment_status":"closed","ping_status":"closed","template":"","meta":{"_et_pb_use_builder":"on","_et_pb_old_content":"","_et_gb_content_width":"","footnotes":""},"yoast_head":"<!-- This site is optimized with the Yoast SEO plugin v22.0 - https:\/\/yoast.com\/wordpress\/plugins\/seo\/ -->\n<title>Asesor\u00eda y Consultor\u00eda Financiera - Jacobo y Asociados<\/title>\n<meta name=\"robots\" content=\"index, follow, max-snippet:-1, max-image-preview:large, max-video-preview:-1\" \/>\n<link rel=\"canonical\" href=\"https:\/\/jacoboasociados.com.sv\/2016\/servicios\/asesoria-consultoria-financiera\/\" \/>\n<meta property=\"og:locale\" content=\"es_ES\" \/>\n<meta property=\"og:type\" content=\"article\" \/>\n<meta property=\"og:title\" content=\"Asesor\u00eda y Consultor\u00eda Financiera - Jacobo y Asociados\" \/>\n<meta property=\"og:description\" content=\"Servicios de Asesor\u00eda y Consultor\u00eda Financiera &nbsp; Asesoramiento en la Constituci\u00f3n y Legalizaci\u00f3n de Empresas. Administraci\u00f3n de N\u00f3mina. Asesoramiento y Planificaci\u00f3n Financiera y Fiscal. Otros servicios Espec\u00edficos Relacionados a las Finanzas y la Tributaci\u00f3n Requeridas por Designaci\u00f3n Jur\u00eddica. Reval\u00faos de Propiedad, Planta y Equipo.\" \/>\n<meta property=\"og:url\" content=\"https:\/\/jacoboasociados.com.sv\/2016\/servicios\/asesoria-consultoria-financiera\/\" \/>\n<meta property=\"og:site_name\" content=\"Jacobo y Asociados\" \/>\n<meta property=\"article:modified_time\" content=\"2016-12-15T16:43:00+00:00\" \/>\n<meta name=\"twitter:card\" content=\"summary_large_image\" \/>\n<meta name=\"twitter:label1\" content=\"Tiempo de lectura\" \/>\n\t<meta name=\"twitter:data1\" content=\"1 minuto\" \/>\n<script type=\"application\/ld+json\" class=\"yoast-schema-graph\">{\"@context\":\"https:\/\/schema.org\",\"@graph\":[{\"@type\":\"WebPage\",\"@id\":\"https:\/\/jacoboasociados.com.sv\/2016\/servicios\/asesoria-consultoria-financiera\/\",\"url\":\"https:\/\/jacoboasociados.com.sv\/2016\/servicios\/asesoria-consultoria-financiera\/\",\"name\":\"Asesor\u00eda y Consultor\u00eda Financiera - Jacobo y Asociados\",\"isPartOf\":{\"@id\":\"https:\/\/jacoboasociados.com.sv\/2016\/#website\"},\"datePublished\":\"2016-12-15T16:42:43+00:00\",\"dateModified\":\"2016-12-15T16:43:00+00:00\",\"breadcrumb\":{\"@id\":\"https:\/\/jacoboasociados.com.sv\/2016\/servicios\/asesoria-consultoria-financiera\/#breadcrumb\"},\"inLanguage\":\"es\",\"potentialAction\":[{\"@type\":\"ReadAction\",\"target\":[\"https:\/\/jacoboasociados.com.sv\/2016\/servicios\/asesoria-consultoria-financiera\/\"]}]},{\"@type\":\"BreadcrumbList\",\"@id\":\"https:\/\/jacoboasociados.com.sv\/2016\/servicios\/asesoria-consultoria-financiera\/#breadcrumb\",\"itemListElement\":[{\"@type\":\"ListItem\",\"position\":1,\"name\":\"Portada\",\"item\":\"https:\/\/jacoboasociados.com.sv\/2016\/\"},{\"@type\":\"ListItem\",\"position\":2,\"name\":\"Servicios\",\"item\":\"https:\/\/jacoboasociados.com.sv\/2016\/servicios\/\"},{\"@type\":\"ListItem\",\"position\":3,\"name\":\"Asesor\u00eda y Consultor\u00eda Financiera\"}]},{\"@type\":\"WebSite\",\"@id\":\"https:\/\/jacoboasociados.com.sv\/2016\/#website\",\"url\":\"https:\/\/jacoboasociados.com.sv\/2016\/\",\"name\":\"Jacobo y Asociados\",\"description\":\"Auditor\u00eda y Contabilidad en El Salvador\",\"potentialAction\":[{\"@type\":\"SearchAction\",\"target\":{\"@type\":\"EntryPoint\",\"urlTemplate\":\"https:\/\/jacoboasociados.com.sv\/2016\/?s={search_term_string}\"},\"query-input\":\"required name=search_term_string\"}],\"inLanguage\":\"es\"}]}<\/script>\n<!-- \/ Yoast SEO plugin. -->","yoast_head_json":{"title":"Asesor\u00eda y Consultor\u00eda Financiera - Jacobo y Asociados","robots":{"index":"index","follow":"follow","max-snippet":"max-snippet:-1","max-image-preview":"max-image-preview:large","max-video-preview":"max-video-preview:-1"},"canonical":"https:\/\/jacoboasociados.com.sv\/2016\/servicios\/asesoria-consultoria-financiera\/","og_locale":"es_ES","og_type":"article","og_title":"Asesor\u00eda y Consultor\u00eda Financiera - Jacobo y Asociados","og_description":"Servicios de Asesor\u00eda y Consultor\u00eda Financiera &nbsp; Asesoramiento en la Constituci\u00f3n y Legalizaci\u00f3n de Empresas. Administraci\u00f3n de N\u00f3mina. Asesoramiento y Planificaci\u00f3n Financiera y Fiscal. Otros servicios Espec\u00edficos Relacionados a las Finanzas y la Tributaci\u00f3n Requeridas por Designaci\u00f3n Jur\u00eddica. Reval\u00faos de Propiedad, Planta y Equipo.","og_url":"https:\/\/jacoboasociados.com.sv\/2016\/servicios\/asesoria-consultoria-financiera\/","og_site_name":"Jacobo y Asociados","article_modified_time":"2016-12-15T16:43:00+00:00","twitter_card":"summary_large_image","twitter_misc":{"Tiempo de lectura":"1 minuto"},"schema":{"@context":"https:\/\/schema.org","@graph":[{"@type":"WebPage","@id":"https:\/\/jacoboasociados.com.sv\/2016\/servicios\/asesoria-consultoria-financiera\/","url":"https:\/\/jacoboasociados.com.sv\/2016\/servicios\/asesoria-consultoria-financiera\/","name":"Asesor\u00eda y Consultor\u00eda Financiera - Jacobo y Asociados","isPartOf":{"@id":"https:\/\/jacoboasociados.com.sv\/2016\/#website"},"datePublished":"2016-12-15T16:42:43+00:00","dateModified":"2016-12-15T16:43:00+00:00","breadcrumb":{"@id":"https:\/\/jacoboasociados.com.sv\/2016\/servicios\/asesoria-consultoria-financiera\/#breadcrumb"},"inLanguage":"es","potentialAction":[{"@type":"ReadAction","target":["https:\/\/jacoboasociados.com.sv\/2016\/servicios\/asesoria-consultoria-financiera\/"]}]},{"@type":"BreadcrumbList","@id":"https:\/\/jacoboasociados.com.sv\/2016\/servicios\/asesoria-consultoria-financiera\/#breadcrumb","itemListElement":[{"@type":"ListItem","position":1,"name":"Portada","item":"https:\/\/jacoboasociados.com.sv\/2016\/"},{"@type":"ListItem","position":2,"name":"Servicios","item":"https:\/\/jacoboasociados.com.sv\/2016\/servicios\/"},{"@type":"ListItem","position":3,"name":"Asesor\u00eda y Consultor\u00eda Financiera"}]},{"@type":"WebSite","@id":"https:\/\/jacoboasociados.com.sv\/2016\/#website","url":"https:\/\/jacoboasociados.com.sv\/2016\/","name":"Jacobo y Asociados","description":"Auditor\u00eda y Contabilidad en El Salvador","potentialAction":[{"@type":"SearchAction","target":{"@type":"EntryPoint","urlTemplate":"https:\/\/jacoboasociados.com.sv\/2016\/?s={search_term_string}"},"query-input":"required name=search_term_string"}],"inLanguage":"es"}]}},"_links":{"self":[{"href":"https:\/\/jacoboasociados.com.sv\/2016\/wp-json\/wp\/v2\/pages\/175"}],"collection":[{"href":"https:\/\/jacoboasociados.com.sv\/2016\/wp-json\/wp\/v2\/pages"}],"about":[{"href":"https:\/\/jacoboasociados.com.sv\/2016\/wp-json\/wp\/v2\/types\/page"}],"author":[{"embeddable":true,"href":"https:\/\/jacoboasociados.com.sv\/2016\/wp-json\/wp\/v2\/users\/1"}],"replies":[{"embeddable":true,"href":"https:\/\/jacoboasociados.com.sv\/2016\/wp-json\/wp\/v2\/comments?post=175"}],"version-history":[{"count":1,"href":"https:\/\/jacoboasociados.com.sv\/2016\/wp-json\/wp\/v2\/pages\/175\/revisions"}],"predecessor-version":[{"id":176,"href":"https:\/\/jacoboasociados.com.sv\/2016\/wp-json\/wp\/v2\/pages\/175\/revisions\/176"}],"up":[{"embeddable":true,"href":"https:\/\/jacoboasociados.com.sv\/2016\/wp-json\/wp\/v2\/pages\/77"}],"wp:attachment":[{"href":"https:\/\/jacoboasociados.com.sv\/2016\/wp-json\/wp\/v2\/media?parent=175"}],"curies":[{"name":"wp","href":"https:\/\/api.w.org\/{rel}","templated":true}]}}